{"id":2520,"date":"2025-07-02T14:05:10","date_gmt":"2025-07-02T14:05:10","guid":{"rendered":"https:\/\/www.cabopol.com\/aplicacoes\/footwear\/"},"modified":"2026-02-05T16:53:47","modified_gmt":"2026-02-05T16:53:47","slug":"calcado","status":"publish","type":"page","link":"https:\/\/www.cabopol.com\/pt-pt\/aplicacoes\/calcado\/","title":{"rendered":"Cal\u00e7ado"},"content":{"rendered":"\n<div class=\"wp-block-kobu-custom-blocks-inner-content-img alignwide media-content-group child-item align-right valign-start img-first\"><div class=\"media-col\"><figure><img loading=\"lazy\" decoding=\"async\" width=\"1301\" height=\"1301\" class=\"wp-image-4008\" src=\"https:\/\/www.cabopol.com\/files\/uploads\/2026\/02\/Footwear-Shoe-Sole-Injection.webp\" alt=\"\" title=\"Footwear Shoe Sole Injection\" sizes=\"auto, (min-width: 1201px) 35vw, (min-width: 601px) 50vw, 100vw\" srcset=\"https:\/\/www.cabopol.com\/files\/uploads\/2026\/02\/Footwear-Shoe-Sole-Injection.webp 1301w, https:\/\/www.cabopol.com\/files\/uploads\/2026\/02\/Footwear-Shoe-Sole-Injection-300x300.webp 300w, https:\/\/www.cabopol.com\/files\/uploads\/2026\/02\/Footwear-Shoe-Sole-Injection-1024x1024.webp 1024w, https:\/\/www.cabopol.com\/files\/uploads\/2026\/02\/Footwear-Shoe-Sole-Injection-150x150.webp 150w, https:\/\/www.cabopol.com\/files\/uploads\/2026\/02\/Footwear-Shoe-Sole-Injection-768x768.webp 768w\" \/><\/figure><\/div><div class=\"content-col\"><div class=\"content-col-wrapper\">\n<h2 class=\"wp-block-heading\">Inje\u00e7\u00e3o de Solas de Sapato<\/h2>\n\n\n\n<p>Os compostos termopl\u00e1sticos Polyprime\u00ae PVC e Lacoflex\u00ae SBS s\u00e3o ideais para moldagem por inje\u00e7\u00e3o de solas de cal\u00e7ado, tanto para uso casual como de seguran\u00e7a. Estes materiais combinam resist\u00eancia \u00e0 abras\u00e3o, resist\u00eancia a \u00f3leos e formula\u00e7\u00f5es livres de ftalatos com cores est\u00e1veis.<\/p>\n\n\n\n<p>Dispon\u00edveis em acabamentos mate, cristal e opaco, proporcionam fluxo consistente e fiabilidade no processamento, garantindo uma produ\u00e7\u00e3o eficiente e desempenho duradouro.<\/p>\n<\/div><\/div><\/div>\n\n\n\n<div class=\"wp-block-kobu-custom-blocks-responsive-spacer responsive-spacer size-large\"><\/div>\n\n\n\n<div class=\"wp-block-kobu-custom-blocks-inner-content-img alignwide media-content-group child-item align-left valign-start img-first\"><div class=\"media-col\"><figure><img loading=\"lazy\" decoding=\"async\" width=\"1301\" height=\"1301\" class=\"wp-image-4004\" src=\"https:\/\/www.cabopol.com\/files\/uploads\/2026\/02\/Footwear-Full-Shoe-Boots-Injection.webp\" alt=\"\" title=\"Footwear Full Shoe &amp; Boots Injection\" sizes=\"auto, (min-width: 1201px) 35vw, (min-width: 601px) 50vw, 100vw\" srcset=\"https:\/\/www.cabopol.com\/files\/uploads\/2026\/02\/Footwear-Full-Shoe-Boots-Injection.webp 1301w, https:\/\/www.cabopol.com\/files\/uploads\/2026\/02\/Footwear-Full-Shoe-Boots-Injection-300x300.webp 300w, https:\/\/www.cabopol.com\/files\/uploads\/2026\/02\/Footwear-Full-Shoe-Boots-Injection-1024x1024.webp 1024w, https:\/\/www.cabopol.com\/files\/uploads\/2026\/02\/Footwear-Full-Shoe-Boots-Injection-150x150.webp 150w, https:\/\/www.cabopol.com\/files\/uploads\/2026\/02\/Footwear-Full-Shoe-Boots-Injection-768x768.webp 768w\" \/><\/figure><\/div><div class=\"content-col\"><div class=\"content-col-wrapper\">\n<h2 class=\"wp-block-heading\">Inje\u00e7\u00e3o de Sapatos e Botas<\/h2>\n\n\n\n<p>Os compostos Lacoflex\u00ae SEBS e Polyprime\u00ae PVC fornecem as caracter\u00edsticas mec\u00e2nicas e est\u00e9ticas necess\u00e1rias para a inje\u00e7\u00e3o de cal\u00e7ado completo e botas.<\/p>\n\n\n\n<p>As solu\u00e7\u00f5es SEBS garantem elasticidade, resist\u00eancia a impactos e controlo dimensional, tornando-as adequadas para cal\u00e7ado m\u00e9dico, barbatanas e uso equestre.<\/p>\n\n\n\n<p>As classes de PVC suportam a moldagem completa do cal\u00e7ado com estabilidade de cor, resist\u00eancia a \u00f3leos e op\u00e7\u00f5es sustent\u00e1veis atrav\u00e9s de formula\u00e7\u00f5es com conte\u00fado reciclado.<\/p>\n<\/div><\/div><\/div>\n\n\n\n<div class=\"wp-block-kobu-custom-blocks-responsive-spacer responsive-spacer size-large\"><\/div>\n\n\n    <div class=\"solutions-slider-block alignfull container-wrapper\">\n        <div class=\"container large\">\n                            <h2>APLICA\u00c7\u00d5ES<\/h2>\n                    <\/div>\n        <div class=\"container full\">\n            <div class=\"solutions-slider\" data-width=\"large\" data-gap=\"large\">\n                \n<div class=\"article solution-card \">\n    <div class=\"solution-inner-wrapper\">\n        <div class=\"img-wrapper\">\n                            <div class=\"fixed-ratio-img\">\n                    <img loading=\"lazy\" decoding=\"async\" width=\"640\" height=\"433\" src=\"https:\/\/www.cabopol.com\/files\/uploads\/2026\/02\/R-Lacoflex.webp\" class=\"coverimg\" alt=\"Footwear\" sizes=\"auto, (min-width: 993px) 33vw, (min-width: 601px) 50vw, 100vw\" srcset=\"https:\/\/www.cabopol.com\/files\/uploads\/2026\/02\/R-Lacoflex.webp 701w, https:\/\/www.cabopol.com\/files\/uploads\/2026\/02\/R-Lacoflex-300x203.webp 300w\" \/>                <\/div>\n                    <\/div>\n        <div class=\"content-wrapper\">\n                            <div class=\"features\">\n                                            <div class=\"feature\"> Reciclado<\/div>\n                                    <\/div>\n                        <h3 class=\"post-title\">R-Lacoflex<\/h3>\n            <div class=\"tags-wrapper\"><a class=\"tag\" href=\"https:\/\/www.cabopol.com\/pt-pt\/aplicacoes\/calcado\/\">Cal\u00e7ado<\/a><span class=\"tag\">TPE-S<\/span><a class=\"tag\" href=\"https:\/\/www.cabopol.com\/pt-pt\/estrategia-de-sustentabilidade\/materiais-reciclados\/\">R-Lacoflex<\/a><\/div>                            <div class=\"description\">Solu\u00e7\u00f5es sustent\u00e1veis com conte\u00fado reciclado<\/div>\n                        <div class=\"btn ghost-gray small submit-interest-solution\">Submeter interesse<\/div>\n        <\/div>\n    <\/div>\n<\/div>\n<div class=\"article solution-card \">\n    <div class=\"solution-inner-wrapper\">\n        <div class=\"img-wrapper\">\n                            <div class=\"fixed-ratio-img\">\n                    <img loading=\"lazy\" decoding=\"async\" width=\"640\" height=\"434\" src=\"https:\/\/www.cabopol.com\/files\/uploads\/2025\/12\/Lacoflex-SEBS-footwear.webp\" class=\"coverimg\" alt=\"\" sizes=\"auto, (min-width: 993px) 33vw, (min-width: 601px) 50vw, 100vw\" srcset=\"https:\/\/www.cabopol.com\/files\/uploads\/2025\/12\/Lacoflex-SEBS-footwear.webp 701w, https:\/\/www.cabopol.com\/files\/uploads\/2025\/12\/Lacoflex-SEBS-footwear-300x203.webp 300w\" \/>                <\/div>\n                    <\/div>\n        <div class=\"content-wrapper\">\n                        <h3 class=\"post-title\">Lacoflex SEBS<\/h3>\n            <div class=\"tags-wrapper\"><a class=\"tag\" href=\"https:\/\/www.cabopol.com\/pt-pt\/aplicacoes\/calcado\/\">Cal\u00e7ado<\/a><span class=\"tag\">TPE-S<\/span><span class=\"tag\">Lacoflex<\/span><\/div>                            <div class=\"description\">Inje\u00e7\u00e3o de cal\u00e7ado completo<\/div>\n                        <div class=\"btn ghost-gray small submit-interest-solution\">Submeter interesse<\/div>\n        <\/div>\n    <\/div>\n<\/div>\n<div class=\"article solution-card \">\n    <div class=\"solution-inner-wrapper\">\n        <div class=\"img-wrapper\">\n                            <div class=\"fixed-ratio-img\">\n                    <img loading=\"lazy\" decoding=\"async\" width=\"640\" height=\"434\" src=\"https:\/\/www.cabopol.com\/files\/uploads\/2026\/02\/R-polyprime.webp\" class=\"coverimg\" alt=\"Footwear\" sizes=\"auto, (min-width: 993px) 33vw, (min-width: 601px) 50vw, 100vw\" srcset=\"https:\/\/www.cabopol.com\/files\/uploads\/2026\/02\/R-polyprime.webp 701w, https:\/\/www.cabopol.com\/files\/uploads\/2026\/02\/R-polyprime-300x203.webp 300w\" \/>                <\/div>\n                    <\/div>\n        <div class=\"content-wrapper\">\n                        <h3 class=\"post-title\">Polyprime FLEX<\/h3>\n            <div class=\"tags-wrapper\"><a class=\"tag\" href=\"https:\/\/www.cabopol.com\/pt-pt\/aplicacoes\/calcado\/\">Cal\u00e7ado<\/a><span class=\"tag\">PVC<\/span><a class=\"tag\" href=\"https:\/\/www.cabopol.com\/pt-pt\/os-nossos-produtos\/polyprime\/\">Polyprime<\/a><\/div>                            <div class=\"description\">Inje\u00e7\u00e3o de sapatos e botas | Solas<\/div>\n                        <div class=\"btn ghost-gray small submit-interest-solution\">Submeter interesse<\/div>\n        <\/div>\n    <\/div>\n<\/div>\n<div class=\"article solution-card \">\n    <div class=\"solution-inner-wrapper\">\n        <div class=\"img-wrapper\">\n                            <div class=\"fixed-ratio-img\">\n                    <img loading=\"lazy\" decoding=\"async\" width=\"640\" height=\"434\" src=\"https:\/\/www.cabopol.com\/files\/uploads\/2026\/02\/R-polyprime.webp\" class=\"coverimg\" alt=\"Footwear\" sizes=\"auto, (min-width: 993px) 33vw, (min-width: 601px) 50vw, 100vw\" srcset=\"https:\/\/www.cabopol.com\/files\/uploads\/2026\/02\/R-polyprime.webp 701w, https:\/\/www.cabopol.com\/files\/uploads\/2026\/02\/R-polyprime-300x203.webp 300w\" \/>                <\/div>\n                    <\/div>\n        <div class=\"content-wrapper\">\n                            <div class=\"features\">\n                                            <div class=\"feature\"> Reciclado<\/div>\n                                    <\/div>\n                        <h3 class=\"post-title\">R-Polyprime<\/h3>\n            <div class=\"tags-wrapper\"><a class=\"tag\" href=\"https:\/\/www.cabopol.com\/pt-pt\/aplicacoes\/calcado\/\">Cal\u00e7ado<\/a><span class=\"tag\">PVC<\/span><a class=\"tag\" href=\"https:\/\/www.cabopol.com\/pt-pt\/os-nossos-produtos\/polyprime\/\">R-Polyprime<\/a><\/div>                            <div class=\"description\">Solu\u00e7\u00f5es sustent\u00e1veis com conte\u00fado reciclado<\/div>\n                        <div class=\"btn ghost-gray small submit-interest-solution\">Submeter interesse<\/div>\n        <\/div>\n    <\/div>\n<\/div>\n<div class=\"article solution-card \">\n    <div class=\"solution-inner-wrapper\">\n        <div class=\"img-wrapper\">\n                            <div class=\"fixed-ratio-img\">\n                    <img loading=\"lazy\" decoding=\"async\" width=\"640\" height=\"434\" src=\"https:\/\/www.cabopol.com\/files\/uploads\/2026\/02\/Lacoflex-SBS.webp\" class=\"coverimg\" alt=\"Sneaker\" sizes=\"auto, (min-width: 993px) 33vw, (min-width: 601px) 50vw, 100vw\" srcset=\"https:\/\/www.cabopol.com\/files\/uploads\/2026\/02\/Lacoflex-SBS.webp 701w, https:\/\/www.cabopol.com\/files\/uploads\/2026\/02\/Lacoflex-SBS-300x203.webp 300w\" \/>                <\/div>\n                    <\/div>\n        <div class=\"content-wrapper\">\n                        <h3 class=\"post-title\">Lacoflex SBS<\/h3>\n            <div class=\"tags-wrapper\"><a class=\"tag\" href=\"https:\/\/www.cabopol.com\/pt-pt\/aplicacoes\/calcado\/\">Cal\u00e7ado<\/a><span class=\"tag\">TPE-S<\/span><span class=\"tag\">Lacoflex<\/span><\/div>                            <div class=\"description\">Inje\u00e7\u00e3o de sola de cal\u00e7ado<\/div>\n                        <div class=\"btn ghost-gray small submit-interest-solution\">Submeter interesse<\/div>\n        <\/div>\n    <\/div>\n<\/div>            <\/div>\n        <\/div>\n                    <div class=\"container large\">\n                <a href=\"https:\/\/www.cabopol.com\/pt-pt\/aplicacoes\/\" class=\"solutions-page-link arrow-link\"><span>Consultar as nossas Aplica\u00e7\u00f5es<\/span><\/a>\n            <\/div>\n            <\/div>\n\n\n\n<div class=\"wp-block-kobu-custom-blocks-responsive-spacer responsive-spacer size-large\"><\/div>\n\n\n    <div class=\"taxonomy-slider-block alignfull container-wrapper\">\n        <div class=\"container large\">\n                            <h2>Outras Aplica\u00e7\u00f5es<\/h2>\n                    <\/div>\n        <div class=\"container full\">\n            <div class=\"taxonomy-slider\" data-width=\"large\">\n                \n    <div class=\"card sector slide \">\n        <div class=\"card-inner-wrapper\">\n                            <div class=\"featured-img\">\n                    <div class=\"featured-img-inner\">\n                        <img loading=\"lazy\" decoding=\"async\" width=\"640\" height=\"640\" src=\"https:\/\/www.cabopol.com\/files\/uploads\/2026\/02\/Power-Low-Voltage-768x768.webp\" class=\"coverimg\" alt=\"Wires and Cables\" sizes=\"auto, (min-width: 993px) 33vw, (min-width: 601px) 50vw, 100vw\" srcset=\"https:\/\/www.cabopol.com\/files\/uploads\/2026\/02\/Power-Low-Voltage-768x768.webp 768w, https:\/\/www.cabopol.com\/files\/uploads\/2026\/02\/Power-Low-Voltage-300x300.webp 300w, https:\/\/www.cabopol.com\/files\/uploads\/2026\/02\/Power-Low-Voltage-1024x1024.webp 1024w, https:\/\/www.cabopol.com\/files\/uploads\/2026\/02\/Power-Low-Voltage-150x150.webp 150w, https:\/\/www.cabopol.com\/files\/uploads\/2026\/02\/Power-Low-Voltage.webp 1301w\" \/>                    <\/div>\n                <\/div>\n                        <div class=\"content-wrapper\">\n                <h3 class=\"post-title\">Cabos e fio Autom\u00f3vel<\/h3>\n                                <a href=\"https:\/\/www.cabopol.com\/pt-pt\/aplicacoes\/cabos-e-fio-automovel\/\" class=\"btn ghost-white arrow-btn\">Descobrir as Possibilidades<\/a>\n            <\/div>\n        <\/div>\n    <\/div>\n\n    <div class=\"card sector slide \">\n        <div class=\"card-inner-wrapper\">\n                            <div class=\"featured-img\">\n                    <div class=\"featured-img-inner\">\n                        <img loading=\"lazy\" decoding=\"async\" width=\"640\" height=\"640\" src=\"https:\/\/www.cabopol.com\/files\/uploads\/2026\/02\/Injection-Extrusion-Moulding-Automotive-768x768.webp\" class=\"coverimg\" alt=\"Car being charged\" sizes=\"auto, (min-width: 993px) 33vw, (min-width: 601px) 50vw, 100vw\" srcset=\"https:\/\/www.cabopol.com\/files\/uploads\/2026\/02\/Injection-Extrusion-Moulding-Automotive-768x768.webp 768w, https:\/\/www.cabopol.com\/files\/uploads\/2026\/02\/Injection-Extrusion-Moulding-Automotive-300x300.webp 300w, https:\/\/www.cabopol.com\/files\/uploads\/2026\/02\/Injection-Extrusion-Moulding-Automotive-1024x1024.webp 1024w, https:\/\/www.cabopol.com\/files\/uploads\/2026\/02\/Injection-Extrusion-Moulding-Automotive-150x150.webp 150w, https:\/\/www.cabopol.com\/files\/uploads\/2026\/02\/Injection-Extrusion-Moulding-Automotive.webp 1301w\" \/>                    <\/div>\n                <\/div>\n                        <div class=\"content-wrapper\">\n                <h3 class=\"post-title\">Inje\u00e7\u00e3o e Extrus\u00e3o<\/h3>\n                                <a href=\"https:\/\/www.cabopol.com\/pt-pt\/aplicacoes\/injecao-e-extrusao\/\" class=\"btn ghost-white arrow-btn\">Descobrir as Possibilidades<\/a>\n            <\/div>\n        <\/div>\n    <\/div>\n            <\/div>\n        <\/div>\n                    <div class=\"container large\">\n                <a href=\"https:\/\/www.cabopol.com\/pt-pt\/aplicacoes\/\" class=\"taxonomy-page-link arrow-link\"><span>Consultar as Nossas Aplica\u00e7\u00f5es<\/span><\/a>\n            <\/div>\n            <\/div>\n","protected":false},"excerpt":{"rendered":"","protected":false},"author":1,"featured_media":4008,"parent":2406,"menu_order":1,"comment_status":"closed","ping_status":"closed","template":"templates\/sector.php","meta":{"_acf_changed":false,"inline_featured_image":false,"footnotes":""},"class_list":["post-2520","page","type-page","status-publish","has-post-thumbnail","hentry"],"acf":[],"_links":{"self":[{"href":"https:\/\/www.cabopol.com\/pt-pt\/wp-json\/wp\/v2\/pages\/2520","targetHints":{"allow":["GET"]}}],"collection":[{"href":"https:\/\/www.cabopol.com\/pt-pt\/wp-json\/wp\/v2\/pages"}],"about":[{"href":"https:\/\/www.cabopol.com\/pt-pt\/wp-json\/wp\/v2\/types\/page"}],"author":[{"embeddable":true,"href":"https:\/\/www.cabopol.com\/pt-pt\/wp-json\/wp\/v2\/users\/1"}],"replies":[{"embeddable":true,"href":"https:\/\/www.cabopol.com\/pt-pt\/wp-json\/wp\/v2\/comments?post=2520"}],"version-history":[{"count":9,"href":"https:\/\/www.cabopol.com\/pt-pt\/wp-json\/wp\/v2\/pages\/2520\/revisions"}],"predecessor-version":[{"id":4440,"href":"https:\/\/www.cabopol.com\/pt-pt\/wp-json\/wp\/v2\/pages\/2520\/revisions\/4440"}],"up":[{"embeddable":true,"href":"https:\/\/www.cabopol.com\/pt-pt\/wp-json\/wp\/v2\/pages\/2406"}],"wp:featuredmedia":[{"embeddable":true,"href":"https:\/\/www.cabopol.com\/pt-pt\/wp-json\/wp\/v2\/media\/4008"}],"wp:attachment":[{"href":"https:\/\/www.cabopol.com\/pt-pt\/wp-json\/wp\/v2\/media?parent=2520"}],"curies":[{"name":"wp","href":"https:\/\/api.w.org\/{rel}","templated":true}]}}