{"id":2391,"date":"2025-11-24T14:22:59","date_gmt":"2025-11-24T14:22:59","guid":{"rendered":"https:\/\/www.cabopol.com\/canal-de-denonciation\/"},"modified":"2026-03-10T09:27:47","modified_gmt":"2026-03-10T09:27:47","slug":"canal-de-denonciation","status":"publish","type":"page","link":"https:\/\/www.cabopol.com\/fr\/canal-de-denonciation\/","title":{"rendered":"Canal de D\u00e9nonciation"},"content":{"rendered":"\n<h2 class=\"wp-block-heading\">Soumission de signalements<\/h2>\n\n\n\n<p>Le Portail de Signalement est destin\u00e9 \u00e0 la communication de pratiques constituant des infractions, notamment:<\/p>\n\n\n\n<ul class=\"wp-block-list\">\n<li>Pratiques de harc\u00e8lement (moral et\/ou sexuel) et discrimination ;<\/li>\n\n\n\n<li>Infractions, actes de corruption ou autres relevant du R\u00e9gime G\u00e9n\u00e9ral de Pr\u00e9vention de la Corruption (RGPC) ;<\/li>\n\n\n\n<li>Actes violant le Droit de l\u2019Union Europ\u00e9enne.<\/li>\n<\/ul>\n\n\n\n<p>Le m\u00e9canisme du Portail de Signalement est r\u00e9gi par les principes d\u2019impartialit\u00e9, d\u2019ind\u00e9pendance, de secret et de confidentialit\u00e9, depuis la r\u00e9ception et le traitement des signalements jusqu\u2019\u00e0 leur r\u00e9solution.<\/p>\n\n\n\n<p>Vous pouvez utiliser l\u2019adresse e-mail suivante pour ouvrir un signalement: <a href=\"mailto:denuncias@mekkin.pt\"><strong>denuncias@mekkin.pt<\/strong><\/a><\/p>\n","protected":false},"excerpt":{"rendered":"<p>Soumission de signalements Le Portail de Signalement est destin\u00e9 \u00e0 la communication de pratiques constituant des infractions, notamment: Le m\u00e9canisme du Portail de Signalement est [&hellip;]<\/p>\n","protected":false},"author":1,"featured_media":0,"parent":0,"menu_order":33,"comment_status":"closed","ping_status":"closed","template":"","meta":{"_acf_changed":false,"inline_featured_image":false,"footnotes":""},"class_list":["post-2391","page","type-page","status-publish","hentry"],"acf":[],"_links":{"self":[{"href":"https:\/\/www.cabopol.com\/fr\/wp-json\/wp\/v2\/pages\/2391","targetHints":{"allow":["GET"]}}],"collection":[{"href":"https:\/\/www.cabopol.com\/fr\/wp-json\/wp\/v2\/pages"}],"about":[{"href":"https:\/\/www.cabopol.com\/fr\/wp-json\/wp\/v2\/types\/page"}],"author":[{"embeddable":true,"href":"https:\/\/www.cabopol.com\/fr\/wp-json\/wp\/v2\/users\/1"}],"replies":[{"embeddable":true,"href":"https:\/\/www.cabopol.com\/fr\/wp-json\/wp\/v2\/comments?post=2391"}],"version-history":[{"count":3,"href":"https:\/\/www.cabopol.com\/fr\/wp-json\/wp\/v2\/pages\/2391\/revisions"}],"predecessor-version":[{"id":5618,"href":"https:\/\/www.cabopol.com\/fr\/wp-json\/wp\/v2\/pages\/2391\/revisions\/5618"}],"wp:attachment":[{"href":"https:\/\/www.cabopol.com\/fr\/wp-json\/wp\/v2\/media?parent=2391"}],"curies":[{"name":"wp","href":"https:\/\/api.w.org\/{rel}","templated":true}]}}