{"id":2518,"date":"2025-07-02T14:05:10","date_gmt":"2025-07-02T14:05:10","guid":{"rendered":"https:\/\/www.cabopol.com\/aplicaciones\/footwear\/"},"modified":"2026-02-06T10:49:22","modified_gmt":"2026-02-06T10:49:22","slug":"calzado","status":"publish","type":"page","link":"https:\/\/www.cabopol.com\/es\/aplicaciones\/calzado\/","title":{"rendered":"Calzado"},"content":{"rendered":"\n<div class=\"wp-block-kobu-custom-blocks-inner-content-img alignwide media-content-group child-item align-right valign-start img-first\"><div class=\"media-col\"><figure><img loading=\"lazy\" decoding=\"async\" width=\"1301\" height=\"1301\" class=\"wp-image-4009\" src=\"https:\/\/www.cabopol.com\/files\/uploads\/2026\/02\/Footwear-Shoe-Sole-Injection.webp\" alt=\"\" title=\"Footwear Shoe Sole Injection\" sizes=\"auto, (min-width: 1201px) 35vw, (min-width: 601px) 50vw, 100vw\" srcset=\"https:\/\/www.cabopol.com\/files\/uploads\/2026\/02\/Footwear-Shoe-Sole-Injection.webp 1301w, https:\/\/www.cabopol.com\/files\/uploads\/2026\/02\/Footwear-Shoe-Sole-Injection-300x300.webp 300w, https:\/\/www.cabopol.com\/files\/uploads\/2026\/02\/Footwear-Shoe-Sole-Injection-1024x1024.webp 1024w, https:\/\/www.cabopol.com\/files\/uploads\/2026\/02\/Footwear-Shoe-Sole-Injection-150x150.webp 150w, https:\/\/www.cabopol.com\/files\/uploads\/2026\/02\/Footwear-Shoe-Sole-Injection-768x768.webp 768w\" \/><\/figure><\/div><div class=\"content-col\"><div class=\"content-col-wrapper\">\n<h2 class=\"wp-block-heading\">Inyecci\u00f3n de suelas de calzado<\/h2>\n\n\n\n<p>Los compuestos termopl\u00e1sticos Polyprime\u00ae PVC y Lacoflex\u00ae SBS son ideales para la moldeo por inyecci\u00f3n de suelas de calzado, tanto para uso casual como de seguridad. Estos materiales combinan resistencia a la abrasi\u00f3n, resistencia al aceite y formulaciones libres de ftalatos con colores estables.<\/p>\n\n\n\n<p>Disponibles en acabados mate, cristal y opaco, ofrecen un flujo consistente y fiabilidad en el procesado, garantizando una producci\u00f3n eficiente y un rendimiento duradero.<\/p>\n<\/div><\/div><\/div>\n\n\n\n<div class=\"wp-block-kobu-custom-blocks-responsive-spacer responsive-spacer size-large\"><\/div>\n\n\n\n<div class=\"wp-block-kobu-custom-blocks-inner-content-img alignwide media-content-group child-item align-left valign-start img-first\"><div class=\"media-col\"><figure><img loading=\"lazy\" decoding=\"async\" width=\"1301\" height=\"1301\" class=\"wp-image-4005\" src=\"https:\/\/www.cabopol.com\/files\/uploads\/2026\/02\/Footwear-Full-Shoe-Boots-Injection.webp\" alt=\"\" title=\"Footwear Full Shoe &amp; Boots Injection\" sizes=\"auto, (min-width: 1201px) 35vw, (min-width: 601px) 50vw, 100vw\" srcset=\"https:\/\/www.cabopol.com\/files\/uploads\/2026\/02\/Footwear-Full-Shoe-Boots-Injection.webp 1301w, https:\/\/www.cabopol.com\/files\/uploads\/2026\/02\/Footwear-Full-Shoe-Boots-Injection-300x300.webp 300w, https:\/\/www.cabopol.com\/files\/uploads\/2026\/02\/Footwear-Full-Shoe-Boots-Injection-1024x1024.webp 1024w, https:\/\/www.cabopol.com\/files\/uploads\/2026\/02\/Footwear-Full-Shoe-Boots-Injection-150x150.webp 150w, https:\/\/www.cabopol.com\/files\/uploads\/2026\/02\/Footwear-Full-Shoe-Boots-Injection-768x768.webp 768w\" \/><\/figure><\/div><div class=\"content-col\"><div class=\"content-col-wrapper\">\n<h2 class=\"wp-block-heading\">Inyecci\u00f3n de calzado y botas<\/h2>\n\n\n\n<p>Los compuestos Lacoflex\u00ae SEBS y Polyprime\u00ae PVC proporcionan las caracter\u00edsticas mec\u00e1nicas y est\u00e9ticas necesarias para la inyecci\u00f3n de calzado completo y botas.<\/p>\n\n\n\n<p>Las soluciones SEBS garantizan elasticidad, resistencia a impactos y control dimensional, siendo adecuadas para calzado m\u00e9dico, aletas y uso ecuestre.<\/p>\n\n\n\n<p>Las clases de PVC soportan la moldeo completo del calzado con estabilidad de color, resistencia al aceite y opciones sostenibles mediante formulaciones con contenido reciclado.<\/p>\n<\/div><\/div><\/div>\n\n\n\n<div class=\"wp-block-kobu-custom-blocks-responsive-spacer responsive-spacer size-large\"><\/div>\n\n\n    <div class=\"solutions-slider-block alignfull container-wrapper\">\n        <div class=\"container large\">\n                            <h2>APLICACIONES<\/h2>\n                    <\/div>\n        <div class=\"container full\">\n            <div class=\"solutions-slider\" data-width=\"large\" data-gap=\"large\">\n                \n<div class=\"article solution-card \">\n    <div class=\"solution-inner-wrapper\">\n        <div class=\"img-wrapper\">\n                            <div class=\"fixed-ratio-img\">\n                    <img loading=\"lazy\" decoding=\"async\" width=\"640\" height=\"433\" src=\"https:\/\/www.cabopol.com\/files\/uploads\/2026\/02\/R-Lacoflex.webp\" class=\"coverimg\" alt=\"Footwear\" sizes=\"auto, (min-width: 993px) 33vw, (min-width: 601px) 50vw, 100vw\" srcset=\"https:\/\/www.cabopol.com\/files\/uploads\/2026\/02\/R-Lacoflex.webp 701w, https:\/\/www.cabopol.com\/files\/uploads\/2026\/02\/R-Lacoflex-300x203.webp 300w\" \/>                <\/div>\n                    <\/div>\n        <div class=\"content-wrapper\">\n                            <div class=\"features\">\n                                            <div class=\"feature\"> Reciclado<\/div>\n                                    <\/div>\n                        <h3 class=\"post-title\">R-Lacoflex<\/h3>\n            <div class=\"tags-wrapper\"><a class=\"tag\" href=\"https:\/\/www.cabopol.com\/es\/aplicaciones\/calzado\/\">Calzado<\/a><span class=\"tag\">TPE-S<\/span><a class=\"tag\" href=\"https:\/\/www.cabopol.com\/es\/estrategia-de-sostenibilidad\/compuestos-reciclados\/\">R-Lacoflex<\/a><\/div>                            <div class=\"description\">Soluciones sostenibles con contenido reciclado<\/div>\n                        <div class=\"btn ghost-gray small submit-interest-solution\">Enviar inter\u00e9s<\/div>\n        <\/div>\n    <\/div>\n<\/div>\n<div class=\"article solution-card \">\n    <div class=\"solution-inner-wrapper\">\n        <div class=\"img-wrapper\">\n                            <div class=\"fixed-ratio-img\">\n                    <img loading=\"lazy\" decoding=\"async\" width=\"640\" height=\"434\" src=\"https:\/\/www.cabopol.com\/files\/uploads\/2025\/12\/Lacoflex-SEBS-footwear.webp\" class=\"coverimg\" alt=\"\" sizes=\"auto, (min-width: 993px) 33vw, (min-width: 601px) 50vw, 100vw\" srcset=\"https:\/\/www.cabopol.com\/files\/uploads\/2025\/12\/Lacoflex-SEBS-footwear.webp 701w, https:\/\/www.cabopol.com\/files\/uploads\/2025\/12\/Lacoflex-SEBS-footwear-300x203.webp 300w\" \/>                <\/div>\n                    <\/div>\n        <div class=\"content-wrapper\">\n                        <h3 class=\"post-title\">Lacoflex SEBS<\/h3>\n            <div class=\"tags-wrapper\"><a class=\"tag\" href=\"https:\/\/www.cabopol.com\/es\/aplicaciones\/calzado\/\">Calzado<\/a><span class=\"tag\">TPE-S<\/span><span class=\"tag\">Lacoflex<\/span><\/div>                            <div class=\"description\">Inyecci\u00f3n de calzado completo<\/div>\n                        <div class=\"btn ghost-gray small submit-interest-solution\">Enviar inter\u00e9s<\/div>\n        <\/div>\n    <\/div>\n<\/div>\n<div class=\"article solution-card \">\n    <div class=\"solution-inner-wrapper\">\n        <div class=\"img-wrapper\">\n                            <div class=\"fixed-ratio-img\">\n                    <img loading=\"lazy\" decoding=\"async\" width=\"640\" height=\"434\" src=\"https:\/\/www.cabopol.com\/files\/uploads\/2026\/02\/R-polyprime.webp\" class=\"coverimg\" alt=\"Footwear\" sizes=\"auto, (min-width: 993px) 33vw, (min-width: 601px) 50vw, 100vw\" srcset=\"https:\/\/www.cabopol.com\/files\/uploads\/2026\/02\/R-polyprime.webp 701w, https:\/\/www.cabopol.com\/files\/uploads\/2026\/02\/R-polyprime-300x203.webp 300w\" \/>                <\/div>\n                    <\/div>\n        <div class=\"content-wrapper\">\n                        <h3 class=\"post-title\">Polyprime FLEX<\/h3>\n            <div class=\"tags-wrapper\"><a class=\"tag\" href=\"https:\/\/www.cabopol.com\/es\/aplicaciones\/calzado\/\">Calzado<\/a><span class=\"tag\">PVC<\/span><a class=\"tag\" href=\"https:\/\/www.cabopol.com\/es\/nuestros-productos\/polyprime\/\">Polyprime<\/a><\/div>                            <div class=\"description\">Inyecci\u00f3n de zapatos y botas | Suelas<\/div>\n                        <div class=\"btn ghost-gray small submit-interest-solution\">Enviar inter\u00e9s<\/div>\n        <\/div>\n    <\/div>\n<\/div>\n<div class=\"article solution-card \">\n    <div class=\"solution-inner-wrapper\">\n        <div class=\"img-wrapper\">\n                            <div class=\"fixed-ratio-img\">\n                    <img loading=\"lazy\" decoding=\"async\" width=\"640\" height=\"434\" src=\"https:\/\/www.cabopol.com\/files\/uploads\/2026\/02\/R-polyprime.webp\" class=\"coverimg\" alt=\"Footwear\" sizes=\"auto, (min-width: 993px) 33vw, (min-width: 601px) 50vw, 100vw\" srcset=\"https:\/\/www.cabopol.com\/files\/uploads\/2026\/02\/R-polyprime.webp 701w, https:\/\/www.cabopol.com\/files\/uploads\/2026\/02\/R-polyprime-300x203.webp 300w\" \/>                <\/div>\n                    <\/div>\n        <div class=\"content-wrapper\">\n                            <div class=\"features\">\n                                            <div class=\"feature\"> Reciclado<\/div>\n                                    <\/div>\n                        <h3 class=\"post-title\">R-Polyprime<\/h3>\n            <div class=\"tags-wrapper\"><a class=\"tag\" href=\"https:\/\/www.cabopol.com\/es\/aplicaciones\/calzado\/\">Calzado<\/a><span class=\"tag\">PVC<\/span><a class=\"tag\" href=\"https:\/\/www.cabopol.com\/es\/nuestros-productos\/polyprime\/\">R-Polyprime<\/a><\/div>                            <div class=\"description\">Soluciones sostenibles con contenido reciclado<\/div>\n                        <div class=\"btn ghost-gray small submit-interest-solution\">Enviar inter\u00e9s<\/div>\n        <\/div>\n    <\/div>\n<\/div>\n<div class=\"article solution-card \">\n    <div class=\"solution-inner-wrapper\">\n        <div class=\"img-wrapper\">\n                            <div class=\"fixed-ratio-img\">\n                    <img loading=\"lazy\" decoding=\"async\" width=\"640\" height=\"434\" src=\"https:\/\/www.cabopol.com\/files\/uploads\/2026\/02\/Lacoflex-SBS.webp\" class=\"coverimg\" alt=\"Sneaker\" sizes=\"auto, (min-width: 993px) 33vw, (min-width: 601px) 50vw, 100vw\" srcset=\"https:\/\/www.cabopol.com\/files\/uploads\/2026\/02\/Lacoflex-SBS.webp 701w, https:\/\/www.cabopol.com\/files\/uploads\/2026\/02\/Lacoflex-SBS-300x203.webp 300w\" \/>                <\/div>\n                    <\/div>\n        <div class=\"content-wrapper\">\n                        <h3 class=\"post-title\">Lacoflex SBS<\/h3>\n            <div class=\"tags-wrapper\"><a class=\"tag\" href=\"https:\/\/www.cabopol.com\/es\/aplicaciones\/calzado\/\">Calzado<\/a><span class=\"tag\">TPE-S<\/span><span class=\"tag\">Lacoflex<\/span><\/div>                            <div class=\"description\">Inyecci\u00f3n de suela de calzado<\/div>\n                        <div class=\"btn ghost-gray small submit-interest-solution\">Enviar inter\u00e9s<\/div>\n        <\/div>\n    <\/div>\n<\/div>            <\/div>\n        <\/div>\n                    <div class=\"container large\">\n                <a href=\"https:\/\/www.cabopol.com\/es\/aplicaciones\/\" class=\"solutions-page-link arrow-link\"><span>Consultar nuestras Applicaciones<\/span><\/a>\n            <\/div>\n            <\/div>\n\n\n\n<div class=\"wp-block-kobu-custom-blocks-responsive-spacer responsive-spacer size-large\"><\/div>\n\n\n    <div class=\"taxonomy-slider-block alignfull container-wrapper\">\n        <div class=\"container large\">\n                            <h2>OTRAS APLICACIONES<\/h2>\n                    <\/div>\n        <div class=\"container full\">\n            <div class=\"taxonomy-slider\" data-width=\"large\">\n                \n    <div class=\"card sector slide \">\n        <div class=\"card-inner-wrapper\">\n                            <div class=\"featured-img\">\n                    <div class=\"featured-img-inner\">\n                        <img loading=\"lazy\" decoding=\"async\" width=\"640\" height=\"640\" src=\"https:\/\/www.cabopol.com\/files\/uploads\/2026\/02\/Power-Low-Voltage-768x768.webp\" class=\"coverimg\" alt=\"Wires and Cables\" sizes=\"auto, (min-width: 993px) 33vw, (min-width: 601px) 50vw, 100vw\" srcset=\"https:\/\/www.cabopol.com\/files\/uploads\/2026\/02\/Power-Low-Voltage-768x768.webp 768w, https:\/\/www.cabopol.com\/files\/uploads\/2026\/02\/Power-Low-Voltage-300x300.webp 300w, https:\/\/www.cabopol.com\/files\/uploads\/2026\/02\/Power-Low-Voltage-1024x1024.webp 1024w, https:\/\/www.cabopol.com\/files\/uploads\/2026\/02\/Power-Low-Voltage-150x150.webp 150w, https:\/\/www.cabopol.com\/files\/uploads\/2026\/02\/Power-Low-Voltage.webp 1301w\" \/>                    <\/div>\n                <\/div>\n                        <div class=\"content-wrapper\">\n                <h3 class=\"post-title\">Cables y conductores<\/h3>\n                                <a href=\"https:\/\/www.cabopol.com\/es\/aplicaciones\/cables-y-conductores\/\" class=\"btn ghost-white arrow-btn\">Descubrir las Posibilidades<\/a>\n            <\/div>\n        <\/div>\n    <\/div>\n\n    <div class=\"card sector slide \">\n        <div class=\"card-inner-wrapper\">\n                            <div class=\"featured-img\">\n                    <div class=\"featured-img-inner\">\n                        <img loading=\"lazy\" decoding=\"async\" width=\"640\" height=\"640\" src=\"https:\/\/www.cabopol.com\/files\/uploads\/2026\/02\/Injection-Extrusion-Moulding-Automotive-768x768.webp\" class=\"coverimg\" alt=\"Car being charged\" sizes=\"auto, (min-width: 993px) 33vw, (min-width: 601px) 50vw, 100vw\" srcset=\"https:\/\/www.cabopol.com\/files\/uploads\/2026\/02\/Injection-Extrusion-Moulding-Automotive-768x768.webp 768w, https:\/\/www.cabopol.com\/files\/uploads\/2026\/02\/Injection-Extrusion-Moulding-Automotive-300x300.webp 300w, https:\/\/www.cabopol.com\/files\/uploads\/2026\/02\/Injection-Extrusion-Moulding-Automotive-1024x1024.webp 1024w, https:\/\/www.cabopol.com\/files\/uploads\/2026\/02\/Injection-Extrusion-Moulding-Automotive-150x150.webp 150w, https:\/\/www.cabopol.com\/files\/uploads\/2026\/02\/Injection-Extrusion-Moulding-Automotive.webp 1301w\" \/>                    <\/div>\n                <\/div>\n                        <div class=\"content-wrapper\">\n                <h3 class=\"post-title\">Moldeo por inyecci\u00f3n y extrusi\u00f3n<\/h3>\n                                <a href=\"https:\/\/www.cabopol.com\/es\/aplicaciones\/moldeo-por-inyeccion-y-extrusion\/\" class=\"btn ghost-white arrow-btn\">Descubrir las Posibilidades<\/a>\n            <\/div>\n        <\/div>\n    <\/div>\n            <\/div>\n        <\/div>\n                    <div class=\"container large\">\n                <a href=\"https:\/\/www.cabopol.com\/es\/aplicaciones\/\" class=\"taxonomy-page-link arrow-link\"><span>Consultar Nuestras Applicaciones<\/span><\/a>\n            <\/div>\n            <\/div>\n","protected":false},"excerpt":{"rendered":"","protected":false},"author":1,"featured_media":4009,"parent":2410,"menu_order":1,"comment_status":"closed","ping_status":"closed","template":"templates\/sector.php","meta":{"_acf_changed":false,"inline_featured_image":false,"footnotes":""},"class_list":["post-2518","page","type-page","status-publish","has-post-thumbnail","hentry"],"acf":[],"_links":{"self":[{"href":"https:\/\/www.cabopol.com\/es\/wp-json\/wp\/v2\/pages\/2518","targetHints":{"allow":["GET"]}}],"collection":[{"href":"https:\/\/www.cabopol.com\/es\/wp-json\/wp\/v2\/pages"}],"about":[{"href":"https:\/\/www.cabopol.com\/es\/wp-json\/wp\/v2\/types\/page"}],"author":[{"embeddable":true,"href":"https:\/\/www.cabopol.com\/es\/wp-json\/wp\/v2\/users\/1"}],"replies":[{"embeddable":true,"href":"https:\/\/www.cabopol.com\/es\/wp-json\/wp\/v2\/comments?post=2518"}],"version-history":[{"count":7,"href":"https:\/\/www.cabopol.com\/es\/wp-json\/wp\/v2\/pages\/2518\/revisions"}],"predecessor-version":[{"id":4602,"href":"https:\/\/www.cabopol.com\/es\/wp-json\/wp\/v2\/pages\/2518\/revisions\/4602"}],"up":[{"embeddable":true,"href":"https:\/\/www.cabopol.com\/es\/wp-json\/wp\/v2\/pages\/2410"}],"wp:featuredmedia":[{"embeddable":true,"href":"https:\/\/www.cabopol.com\/es\/wp-json\/wp\/v2\/media\/4009"}],"wp:attachment":[{"href":"https:\/\/www.cabopol.com\/es\/wp-json\/wp\/v2\/media?parent=2518"}],"curies":[{"name":"wp","href":"https:\/\/api.w.org\/{rel}","templated":true}]}}